{"id":30,"date":"2021-04-20T12:33:33","date_gmt":"2021-04-20T12:33:33","guid":{"rendered":"https:\/\/jochen.webmyday.site\/?page_id=30"},"modified":"2022-12-19T08:23:08","modified_gmt":"2022-12-19T08:23:08","slug":"le-cabinet","status":"publish","type":"page","link":"https:\/\/rousseau-sussmann.com\/en\/","title":{"rendered":"Firm"},"content":{"rendered":"\n[et_pb_section fb_built=\u00a0\u00bb1&Prime; _builder_version=\u00a0\u00bb4.0.11&Prime; custom_padding=\u00a0\u00bb7px||16px|||\u00a0\u00bb da_disable_devices=\u00a0\u00bboff|off|off\u00a0\u00bb global_colors_info=\u00a0\u00bb{}\u00a0\u00bb da_is_popup=\u00a0\u00bboff\u00a0\u00bb da_exit_intent=\u00a0\u00bboff\u00a0\u00bb da_has_close=\u00a0\u00bbon\u00a0\u00bb da_alt_close=\u00a0\u00bboff\u00a0\u00bb da_dark_close=\u00a0\u00bboff\u00a0\u00bb da_not_modal=\u00a0\u00bbon\u00a0\u00bb da_is_singular=\u00a0\u00bboff\u00a0\u00bb da_with_loader=\u00a0\u00bboff\u00a0\u00bb da_has_shadow=\u00a0\u00bbon\u00a0\u00bb][et_pb_row _builder_version=\u00a0\u00bb4.14.4&Prime; background_image=\u00a0\u00bbhttp:\/\/rousseau-sussmann.com\/wp-content\/uploads\/2022\/01\/Home_Alice2.jpg\u00a0\u00bb width=\u00a0\u00bb71.5%\u00a0\u00bb max_width=\u00a0\u00bb100%\u00a0\u00bb module_alignment=\u00a0\u00bbcenter\u00a0\u00bb max_height=\u00a0\u00bb189px\u00a0\u00bb custom_padding=\u00a0\u00bb180px|26px|180px||true|false\u00a0\u00bb hover_enabled=\u00a0\u00bb0&Prime; global_colors_info=\u00a0\u00bb{}\u00a0\u00bb title_text=\u00a0\u00bbHome_Alice2&Prime; sticky_enabled=\u00a0\u00bb0&Prime;][et_pb_column type=\u00a0\u00bb4_4&Prime; _builder_version=\u00a0\u00bb4.0.11&Prime; global_colors_info=\u00a0\u00bb{}\u00a0\u00bb][\/et_pb_column][\/et_pb_row][et_pb_row _builder_version=\u00a0\u00bb4.4.6&Prime; custom_padding=\u00a0\u00bb36px||36px||true|false\u00a0\u00bb global_colors_info=\u00a0\u00bb{}\u00a0\u00bb][et_pb_column type=\u00a0\u00bb4_4&Prime; _builder_version=\u00a0\u00bb4.4.6&Prime; global_colors_info=\u00a0\u00bb{}\u00a0\u00bb][et_pb_image src=\u00a0\u00bbhttp:\/\/rousseau-sussmann.com\/wp-content\/uploads\/2022\/01\/logo-RS.png\u00a0\u00bb title_text=\u00a0\u00bblogo R&#038;S\u00a0\u00bb _builder_version=\u00a0\u00bb4.14.4&Prime; _module_preset=\u00a0\u00bbdefault\u00a0\u00bb width=\u00a0\u00bb63%\u00a0\u00bb module_alignment=\u00a0\u00bbcenter\u00a0\u00bb global_colors_info=\u00a0\u00bb{}\u00a0\u00bb][\/et_pb_image][et_pb_text _builder_version=\u00a0\u00bb4.14.4&Prime; _module_preset=\u00a0\u00bbdefault\u00a0\u00bb text_font_size=\u00a0\u00bb19px\u00a0\u00bb ul_font=\u00a0\u00bb||||||||\u00a0\u00bb ul_line_height=\u00a0\u00bb1.5em\u00a0\u00bb custom_margin=\u00a0\u00bb0px||||false|false\u00a0\u00bb custom_padding=\u00a0\u00bb0px||||false|false\u00a0\u00bb inline_fonts=\u00a0\u00bbRaleway\u00a0\u00bb global_colors_info=\u00a0\u00bb{}\u00a0\u00bb]<p><span style=\"color: #000000;\">ROUSSEAU <span style=\"font-size: small;\">&amp;<\/span> SUSSMANN est un cabinet d\u2019avocats ind\u00e9pendant consacr\u00e9 \u00e0 la d\u00e9fense p\u00e9nale.<\/span><\/p>\n<p><span style=\"color: #000000;\">Il est sp\u00e9cialis\u00e9 dans les dossiers de droit p\u00e9nal du chiffre : p\u00e9nal fiscal, p\u00e9nal financier et p\u00e9nal comptable.<\/span><\/p>\n<p><span style=\"color: #000000;\">Il intervient \u00e9galement dans les dossiers de droit p\u00e9nal \u00e9conomique (p\u00e9nal du travail, p\u00e9nal de la sant\u00e9, p\u00e9nal informatique) et dans les dossiers techniques qui soul\u00e8vent des questions de proc\u00e9dure complexes en lien avec plusieurs disciplines du droit, ou qui comportent une dimension internationale.<\/span><\/p>\n<p><span style=\"color: #000000;\">Le cabinet propose \u00e0 ses clients une d\u00e9fense technique qui couvre tout le spectre des moyens de d\u00e9fense (requ\u00eates en annulation, questions prioritaires de constitutionnalit\u00e9, recours devant la CJUE, recours devant la CEDH).<\/span><\/p>\n<p><span style=\"color: #000000;\">Chaque associ\u00e9 dispose d\u2019une expertise en comptabilit\u00e9, en finance ou en fiscalit\u00e9 acquise avant de devenir p\u00e9naliste.<\/span><\/p>\n<p><span style=\"color: #000000;\">En outre, le cabinet se d\u00e9marque par la double culture de ses associ\u00e9s qui allie l\u2019exp\u00e9rience du judiciaire et de la proc\u00e9dure d\u00e9velopp\u00e9e aupr\u00e8s de grands noms du barreau p\u00e9nal ainsi que la rigueur et l\u2019ouverture internationale qui font la marque de fabrique des grands cabinets d\u2019affaires.<\/span><\/p>\n<p><span style=\"color: #000000;\">Les associ\u00e9s parlent plusieurs langues \u2013 fran\u00e7ais, anglais et espagnol courants \u2013 et ont \u00e9t\u00e9 form\u00e9s au sein de cabinets fran\u00e7ais et internationaux de premier plan (Freshfields Bruckhaus Deringer, Kiejman &amp; Marembert, Sullivan &amp; Cromwell, Weil Gotshal &amp; Manges).<\/span><\/p>\n<p><span style=\"color: #000000;\">ROUSSEAU <span style=\"font-size: small;\">&amp;<\/span> SUSSMANN s\u2019appuie sur un r\u00e9seau de correspondants \u00e0 l\u2019\u00e9tranger et est r\u00e9guli\u00e8rement consult\u00e9 par des cabinets internationaux sur des probl\u00e9matiques de droit p\u00e9nal fran\u00e7ais.<\/span><\/p>[\/et_pb_text][\/et_pb_column][\/et_pb_row][\/et_pb_section]\n","protected":false},"excerpt":{"rendered":"<p>ROUSSEAU &amp; SUSSMANN est un cabinet d\u2019avocats ind\u00e9pendant consacr\u00e9 \u00e0 la d\u00e9fense p\u00e9nale. Il est sp\u00e9cialis\u00e9 dans les dossiers de droit p\u00e9nal du chiffre : p\u00e9nal fiscal, p\u00e9nal financier et p\u00e9nal comptable. Il intervient \u00e9galement dans les dossiers de droit p\u00e9nal \u00e9conomique (p\u00e9nal du travail, p\u00e9nal de la sant\u00e9, p\u00e9nal informatique) et dans les dossiers [&hellip;]<\/p>\n","protected":false},"author":1,"featured_media":0,"parent":0,"menu_order":0,"comment_status":"closed","ping_status":"closed","template":"","meta":{"_et_pb_use_builder":"on","_et_pb_old_content":"","_et_gb_content_width":"","footnotes":""},"class_list":["post-30","page","type-page","status-publish","hentry"],"yoast_head":"<!-- This site is optimized with the Yoast SEO plugin v27.4 - https:\/\/yoast.com\/product\/yoast-seo-wordpress\/ -->\n<title>Le cabinet - Rousseau Sussmann Avocats<\/title>\n<meta name=\"description\" content=\"ROUSSEAU &amp; SUSSMANN est un cabinet d\u2019avocats ind\u00e9pendant consacr\u00e9 \u00e0 la d\u00e9fense p\u00e9nale.Il est sp\u00e9cialis\u00e9 dans les dossiers de droit p\u00e9nal.\" \/>\n<meta name=\"robots\" content=\"index, follow, max-snippet:-1, max-image-preview:large, max-video-preview:-1\" \/>\n<link rel=\"canonical\" href=\"https:\/\/rousseau-sussmann.com\/en\/\" \/>\n<meta property=\"og:locale\" content=\"en_GB\" \/>\n<meta property=\"og:type\" content=\"article\" \/>\n<meta property=\"og:title\" content=\"Le cabinet - Rousseau Sussmann Avocats\" \/>\n<meta property=\"og:description\" content=\"ROUSSEAU &amp; SUSSMANN est un cabinet d\u2019avocats ind\u00e9pendant consacr\u00e9 \u00e0 la d\u00e9fense p\u00e9nale.Il est sp\u00e9cialis\u00e9 dans les dossiers de droit p\u00e9nal.\" \/>\n<meta property=\"og:url\" content=\"https:\/\/rousseau-sussmann.com\/en\/\" \/>\n<meta property=\"og:site_name\" content=\"Rousseau Sussmann Avocats\" \/>\n<meta property=\"article:modified_time\" content=\"2022-12-19T08:23:08+00:00\" \/>\n<meta name=\"twitter:card\" content=\"summary_large_image\" \/>\n<meta name=\"twitter:label1\" content=\"Est. reading time\" \/>\n\t<meta name=\"twitter:data1\" content=\"2 minutes\" \/>\n<script type=\"application\/ld+json\" class=\"yoast-schema-graph\">{\"@context\":\"https:\\\/\\\/schema.org\",\"@graph\":[{\"@type\":\"WebPage\",\"@id\":\"https:\\\/\\\/rousseau-sussmann.com\\\/\",\"url\":\"https:\\\/\\\/rousseau-sussmann.com\\\/\",\"name\":\"Le cabinet - Rousseau Sussmann Avocats\",\"isPartOf\":{\"@id\":\"https:\\\/\\\/rousseau-sussmann.com\\\/#website\"},\"datePublished\":\"2021-04-20T12:33:33+00:00\",\"dateModified\":\"2022-12-19T08:23:08+00:00\",\"description\":\"ROUSSEAU & SUSSMANN est un cabinet d\u2019avocats ind\u00e9pendant consacr\u00e9 \u00e0 la d\u00e9fense p\u00e9nale.Il est sp\u00e9cialis\u00e9 dans les dossiers de droit p\u00e9nal.\",\"breadcrumb\":{\"@id\":\"https:\\\/\\\/rousseau-sussmann.com\\\/#breadcrumb\"},\"inLanguage\":\"en-GB\",\"potentialAction\":[{\"@type\":\"ReadAction\",\"target\":[\"https:\\\/\\\/rousseau-sussmann.com\\\/\"]}]},{\"@type\":\"BreadcrumbList\",\"@id\":\"https:\\\/\\\/rousseau-sussmann.com\\\/#breadcrumb\",\"itemListElement\":[{\"@type\":\"ListItem\",\"position\":1,\"name\":\"Accueil\",\"item\":\"https:\\\/\\\/rousseau-sussmann.com\\\/\"},{\"@type\":\"ListItem\",\"position\":2,\"name\":\"Le cabinet\"}]},{\"@type\":\"WebSite\",\"@id\":\"https:\\\/\\\/rousseau-sussmann.com\\\/#website\",\"url\":\"https:\\\/\\\/rousseau-sussmann.com\\\/\",\"name\":\"Rousseau Sussmann Avocats\",\"description\":\"\",\"potentialAction\":[{\"@type\":\"SearchAction\",\"target\":{\"@type\":\"EntryPoint\",\"urlTemplate\":\"https:\\\/\\\/rousseau-sussmann.com\\\/?s={search_term_string}\"},\"query-input\":{\"@type\":\"PropertyValueSpecification\",\"valueRequired\":true,\"valueName\":\"search_term_string\"}}],\"inLanguage\":\"en-GB\"}]}<\/script>\n<!-- \/ Yoast SEO plugin. -->","yoast_head_json":{"title":"Le cabinet - Rousseau Sussmann Avocats","description":"ROUSSEAU & SUSSMANN est un cabinet d\u2019avocats ind\u00e9pendant consacr\u00e9 \u00e0 la d\u00e9fense p\u00e9nale.Il est sp\u00e9cialis\u00e9 dans les dossiers de droit p\u00e9nal.","robots":{"index":"index","follow":"follow","max-snippet":"max-snippet:-1","max-image-preview":"max-image-preview:large","max-video-preview":"max-video-preview:-1"},"canonical":"https:\/\/rousseau-sussmann.com\/en\/","og_locale":"en_GB","og_type":"article","og_title":"Le cabinet - Rousseau Sussmann Avocats","og_description":"ROUSSEAU & SUSSMANN est un cabinet d\u2019avocats ind\u00e9pendant consacr\u00e9 \u00e0 la d\u00e9fense p\u00e9nale.Il est sp\u00e9cialis\u00e9 dans les dossiers de droit p\u00e9nal.","og_url":"https:\/\/rousseau-sussmann.com\/en\/","og_site_name":"Rousseau Sussmann Avocats","article_modified_time":"2022-12-19T08:23:08+00:00","twitter_card":"summary_large_image","twitter_misc":{"Est. reading time":"2 minutes"},"schema":{"@context":"https:\/\/schema.org","@graph":[{"@type":"WebPage","@id":"https:\/\/rousseau-sussmann.com\/","url":"https:\/\/rousseau-sussmann.com\/","name":"Le cabinet - Rousseau Sussmann Avocats","isPartOf":{"@id":"https:\/\/rousseau-sussmann.com\/#website"},"datePublished":"2021-04-20T12:33:33+00:00","dateModified":"2022-12-19T08:23:08+00:00","description":"ROUSSEAU & SUSSMANN est un cabinet d\u2019avocats ind\u00e9pendant consacr\u00e9 \u00e0 la d\u00e9fense p\u00e9nale.Il est sp\u00e9cialis\u00e9 dans les dossiers de droit p\u00e9nal.","breadcrumb":{"@id":"https:\/\/rousseau-sussmann.com\/#breadcrumb"},"inLanguage":"en-GB","potentialAction":[{"@type":"ReadAction","target":["https:\/\/rousseau-sussmann.com\/"]}]},{"@type":"BreadcrumbList","@id":"https:\/\/rousseau-sussmann.com\/#breadcrumb","itemListElement":[{"@type":"ListItem","position":1,"name":"Accueil","item":"https:\/\/rousseau-sussmann.com\/"},{"@type":"ListItem","position":2,"name":"Le cabinet"}]},{"@type":"WebSite","@id":"https:\/\/rousseau-sussmann.com\/#website","url":"https:\/\/rousseau-sussmann.com\/","name":"Rousseau Sussmann Avocats","description":"","potentialAction":[{"@type":"SearchAction","target":{"@type":"EntryPoint","urlTemplate":"https:\/\/rousseau-sussmann.com\/?s={search_term_string}"},"query-input":{"@type":"PropertyValueSpecification","valueRequired":true,"valueName":"search_term_string"}}],"inLanguage":"en-GB"}]}},"_links":{"self":[{"href":"https:\/\/rousseau-sussmann.com\/en\/wp-json\/wp\/v2\/pages\/30","targetHints":{"allow":["GET"]}}],"collection":[{"href":"https:\/\/rousseau-sussmann.com\/en\/wp-json\/wp\/v2\/pages"}],"about":[{"href":"https:\/\/rousseau-sussmann.com\/en\/wp-json\/wp\/v2\/types\/page"}],"author":[{"embeddable":true,"href":"https:\/\/rousseau-sussmann.com\/en\/wp-json\/wp\/v2\/users\/1"}],"replies":[{"embeddable":true,"href":"https:\/\/rousseau-sussmann.com\/en\/wp-json\/wp\/v2\/comments?post=30"}],"version-history":[{"count":59,"href":"https:\/\/rousseau-sussmann.com\/en\/wp-json\/wp\/v2\/pages\/30\/revisions"}],"predecessor-version":[{"id":685,"href":"https:\/\/rousseau-sussmann.com\/en\/wp-json\/wp\/v2\/pages\/30\/revisions\/685"}],"wp:attachment":[{"href":"https:\/\/rousseau-sussmann.com\/en\/wp-json\/wp\/v2\/media?parent=30"}],"curies":[{"name":"wp","href":"https:\/\/api.w.org\/{rel}","templated":true}]}}