{"id":423,"date":"2021-12-15T08:26:32","date_gmt":"2021-12-15T08:26:32","guid":{"rendered":"http:\/\/www.alicerousseau-avocats.com\/?page_id=423"},"modified":"2023-04-04T13:23:41","modified_gmt":"2023-04-04T13:23:41","slug":"arthur-sussmann","status":"publish","type":"page","link":"https:\/\/rousseau-sussmann.com\/en\/arthur-sussmann","title":{"rendered":"Arthur Sussmann"},"content":{"rendered":"<p>[et_pb_section fb_built=\u00a0\u00bb1&Prime; _builder_version=\u00a0\u00bb4.16&Prime; da_disable_devices=\u00a0\u00bboff|off|off\u00a0\u00bb global_colors_info=\u00a0\u00bb{}\u00a0\u00bb da_is_popup=\u00a0\u00bboff\u00a0\u00bb da_exit_intent=\u00a0\u00bboff\u00a0\u00bb da_has_close=\u00a0\u00bbon\u00a0\u00bb da_alt_close=\u00a0\u00bboff\u00a0\u00bb da_dark_close=\u00a0\u00bboff\u00a0\u00bb da_not_modal=\u00a0\u00bbon\u00a0\u00bb da_is_singular=\u00a0\u00bboff\u00a0\u00bb da_with_loader=\u00a0\u00bboff\u00a0\u00bb da_has_shadow=\u00a0\u00bbon\u00a0\u00bb][et_pb_row _builder_version=\u00a0\u00bb4.16&Prime; custom_padding=\u00a0\u00bb55px||55px||true|false\u00a0\u00bb global_colors_info=\u00a0\u00bb{}\u00a0\u00bb][et_pb_column type=\u00a0\u00bb4_4&Prime; _builder_version=\u00a0\u00bb4.16&Prime; global_colors_info=\u00a0\u00bb{}\u00a0\u00bb][et_pb_text content_tablet=\u00a0\u00bb<\/p>\n<h2><span style=%22color: #000000; font-family: Raleway; font-weight: normal;%22>A R T H U R    S U S S M A N N<\/span><\/h2>\n<p>\u00a0\u00bb content_phone=\u00a0\u00bb<\/p>\n<h2><span style=%22color: #000000; font-family: Raleway; font-weight: normal;%22>A R T H U R    <\/span><\/h2>\n<h2><span style=%22color: #000000; font-family: Raleway; font-weight: normal;%22>S U S S M A N N<\/span><\/h2>\n<p>\u00a0\u00bb content_last_edited=\u00a0\u00bbon|phone\u00a0\u00bb _builder_version=\u00a0\u00bb4.16&Prime; text_font_size=\u00a0\u00bb19px\u00a0\u00bb header_2_font=\u00a0\u00bb|600|||||||\u00a0\u00bb header_2_text_align=\u00a0\u00bbcenter\u00a0\u00bb header_2_text_color=\u00a0\u00bb#282151&Prime; header_2_font_size=\u00a0\u00bb31px\u00a0\u00bb text_orientation=\u00a0\u00bbcenter\u00a0\u00bb module_alignment=\u00a0\u00bbcenter\u00a0\u00bb inline_fonts=\u00a0\u00bbRaleway\u00a0\u00bb global_colors_info=\u00a0\u00bb{}\u00a0\u00bb]<\/p>\n<h2><span style=\"color: #000000; font-family: Raleway; font-weight: normal;\">A R T H U R\u00a0 \u00a0 S U S S M A N N<\/span><\/h2>\n<p>[\/et_pb_text][et_pb_divider color=\u00a0\u00bb#bebcc9&Prime; divider_weight=\u00a0\u00bb5px\u00a0\u00bb _builder_version=\u00a0\u00bb4.16&Prime; _module_preset=\u00a0\u00bbdefault\u00a0\u00bb width=\u00a0\u00bb5%\u00a0\u00bb module_alignment=\u00a0\u00bbcenter\u00a0\u00bb custom_margin=\u00a0\u00bb-10px||||false|false\u00a0\u00bb global_colors_info=\u00a0\u00bb{}\u00a0\u00bb][\/et_pb_divider][\/et_pb_column][\/et_pb_row][et_pb_row column_structure=\u00a0\u00bb1_2,1_2&Prime; _builder_version=\u00a0\u00bb4.16&Prime; custom_padding=\u00a0\u00bb60px||60px||true|false\u00a0\u00bb global_colors_info=\u00a0\u00bb{}\u00a0\u00bb][et_pb_column type=\u00a0\u00bb1_2&Prime; _builder_version=\u00a0\u00bb4.16&Prime; global_colors_info=\u00a0\u00bb{}\u00a0\u00bb][et_pb_image src=\u00a0\u00bbhttp:\/\/rousseau-sussmann.com\/wp-content\/uploads\/2021\/12\/thumbnail_ARTHUR_S27189_1_original-4.jpg\u00a0\u00bb title_text=\u00a0\u00bbthumbnail_ARTHUR_S27189_1_original-4&Prime; _builder_version=\u00a0\u00bb4.16&Prime; border_width_all=\u00a0\u00bb3px\u00a0\u00bb border_color_all=\u00a0\u00bb#BEBCC8&Prime; global_colors_info=\u00a0\u00bb{}\u00a0\u00bb][\/et_pb_image][\/et_pb_column][et_pb_column type=\u00a0\u00bb1_2&Prime; _builder_version=\u00a0\u00bb4.16&Prime; global_colors_info=\u00a0\u00bb{}\u00a0\u00bb][et_pb_text _builder_version=\u00a0\u00bb4.18.0&Prime; text_font_size=\u00a0\u00bb18px\u00a0\u00bb ul_line_height=\u00a0\u00bb1.5em\u00a0\u00bb header_2_text_align=\u00a0\u00bbcenter\u00a0\u00bb header_2_font_size=\u00a0\u00bb22px\u00a0\u00bb custom_margin=\u00a0\u00bb-10px||||false|false\u00a0\u00bb custom_padding=\u00a0\u00bb0px||||false|false\u00a0\u00bb inline_fonts=\u00a0\u00bbRaleway\u00a0\u00bb global_colors_info=\u00a0\u00bb{}\u00a0\u00bb]<\/p>\n<p style=\"text-align: justify;\"><span style=\"color: #000000;\">Arthur Sussmann est un avocat p\u00e9naliste sp\u00e9cialis\u00e9 dans la d\u00e9fense des personnes et des entreprises poursuivies devant les juridictions p\u00e9nales ou r\u00e9pressives (disciplinaires ou administratives).<\/span><\/p>\n<p style=\"text-align: justify;\"><span style=\"color: #000000;\">Il dispose d\u2019une expertise dans les domaines du droit p\u00e9nal financier ou comptable, du droit p\u00e9nal fiscal ou du droit p\u00e9nal \u00e9conomique (droit p\u00e9nal du travail ou droit p\u00e9nal de la sant\u00e9).<\/span><\/p>\n<p style=\"text-align: justify;\"><span style=\"color: #000000;\">Il intervient \u00e9galement dans des dossiers de droit des soci\u00e9t\u00e9s associ\u00e9s \u00e0 des enjeux p\u00e9naux (conflits entre actionnaires, responsabilit\u00e9 des dirigeants).<\/span><\/p>\n<p style=\"text-align: justify;\"><span style=\"color: #000000;\">Arthur Sussmann a travaill\u00e9 pendant 7 ans au cabinet de Georges Kiejman et de Thierry Marembert aux c\u00f4t\u00e9s desquels il est intervenu pour le compte d\u2019une client\u00e8le de dirigeants et d\u2019entreprises fran\u00e7aise et \u00e9trang\u00e8re dans des dossiers p\u00e9naux de premier plan.<\/span><\/p>\n<p style=\"text-align: justify;\"><span style=\"color: #000000;\">Avant de pr\u00eater serment, il a travaill\u00e9 pendant trois ans en audit et en finance au sein d\u2019un grand groupe industriel.<\/span><\/p>\n<p style=\"text-align: justify;\"><span style=\"color: #000000;\">Il est dipl\u00f4m\u00e9 de Hec Paris (Grand Ecole), SciencesPo Paris (Cum Laude), d\u2019un master de l\u2019universit\u00e9 de Strasbourg (major), et il est titulaire du certificat d\u2019aptitude \u00e0 la profession d\u2019avocat (3\u00e8me laur\u00e9at).<\/span><\/p>\n<p style=\"text-align: justify;\"><span style=\"color: #000000;\">Il enseigne le droit des soci\u00e9t\u00e9s et la comptabilit\u00e9 financi\u00e8re \u00e0 SciencesPo Paris.<\/span><\/p>\n<p style=\"text-align: justify;\"><span style=\"color: #000000;\"><span>En 2022, il a re\u00e7u le prix du juriste Hec de l\u2019ann\u00e9e<\/span><\/span><\/p>\n<p style=\"text-align: justify;\"><span style=\"color: #000000;\">Il parle couramment le fran\u00e7ais, l\u2019anglais et l\u2019espagnol.<\/span><\/p>\n<p style=\"text-align: justify;\"><span style=\"color: #000000;\"><\/span><\/p>\n<p style=\"text-align: justify;\"><span style=\"text-decoration: underline;\"><span style=\"color: #000000; font-family: Raleway; font-weight: normal; text-decoration: underline;\">Associations professionnelles<\/span><\/span><\/p>\n<ul style=\"text-align: justify;\">\n<li><span style=\"color: #000000;\">Membre de l\u2019Association des Avocats P\u00e9nalistes (ADAP)<\/span><\/li>\n<li><span style=\"color: #000000;\">Membre de l\u2019Association des Avocats Conseils d\u2019Entreprises (ACE)<\/span><\/li>\n<li><span style=\"color: #000000;\"><span>Membre de l\u2019International Bar Association (IBA)<\/span><\/span><\/li>\n<\/ul>\n<p style=\"text-align: justify;\"><span style=\"text-decoration: underline;\"><span style=\"color: #000000; font-family: Raleway; font-weight: normal; text-decoration: underline;\"><\/span><\/span><\/p>\n<p style=\"text-align: justify;\"><span style=\"text-decoration: underline;\"><span style=\"color: #000000; font-family: Raleway; font-weight: normal; text-decoration: underline;\">Engagements<\/span><\/span><\/p>\n<p style=\"text-align: justify;\"><span style=\"color: #000000;\">A sa sortie d\u2019Hec, Arthur Sussmann a servi comme officier aspirant sur sous-marin, effectuant plus de 1500 heures de plong\u00e9e. Au sein de la Marine Nationale, il particip\u00e9 \u00e0 des op\u00e9rations ext\u00e9rieures ainsi qu\u2019\u00e0 des missions de souverainet\u00e9 en France et \u00e0 l\u2019\u00e9tranger.<\/span><\/p>\n<p>[\/et_pb_text][\/et_pb_column][\/et_pb_row][et_pb_row column_structure=\u00a0\u00bb1_3,1_3,1_3&Prime; use_custom_gutter=\u00a0\u00bbon\u00a0\u00bb gutter_width=\u00a0\u00bb2&Prime; make_equal=\u00a0\u00bbon\u00a0\u00bb _builder_version=\u00a0\u00bb4.16&Prime; custom_padding=\u00a0\u00bb3px||3px||false|false\u00a0\u00bb global_colors_info=\u00a0\u00bb{}\u00a0\u00bb][et_pb_column type=\u00a0\u00bb1_3&Prime; _builder_version=\u00a0\u00bb4.16&Prime; custom_padding=\u00a0\u00bb|||\u00a0\u00bb global_colors_info=\u00a0\u00bb{}\u00a0\u00bb custom_padding__hover=\u00a0\u00bb|||\u00a0\u00bb][et_pb_blurb title=\u00a0\u00bbAdresse\u00a0\u00bb use_icon=\u00a0\u00bbon\u00a0\u00bb font_icon=\u00a0\u00bb&#xe081;||divi||400&Prime; icon_color=\u00a0\u00bb#8B8B96&Prime; image_icon_width=\u00a0\u00bb30px\u00a0\u00bb admin_label=\u00a0\u00bb1&Prime; _builder_version=\u00a0\u00bb4.18.0&Prime; header_font=\u00a0\u00bb|600|||||||\u00a0\u00bb header_text_color=\u00a0\u00bb#8B8B96&Prime; header_font_size=\u00a0\u00bb20px\u00a0\u00bb body_font=\u00a0\u00bb|300|||||||\u00a0\u00bb body_text_color=\u00a0\u00bb#000000&Prime; body_font_size=\u00a0\u00bb15px\u00a0\u00bb body_line_height=\u00a0\u00bb1.8em\u00a0\u00bb background_color=\u00a0\u00bb#ffffff\u00a0\u00bb text_orientation=\u00a0\u00bbcenter\u00a0\u00bb custom_padding=\u00a0\u00bb60px|30px|60px|30px\u00a0\u00bb animation=\u00a0\u00bboff\u00a0\u00bb icon_font_size=\u00a0\u00bb30px\u00a0\u00bb global_colors_info=\u00a0\u00bb{}\u00a0\u00bb]<\/p>\n<p><span style=\"color: #000000;\"><span style=\"font-family: Raleway; font-weight: normal;\">R O U S S E A<\/span><span style=\"font-family: Raleway; font-weight: normal;\">\u00a0U\u00a0 <span style=\"font-size: x-small;\">&amp;<\/span>\u00a0 S U S S M A N N<\/span><\/span><br \/><span>77, boulevard Malesherbes<\/span><br \/><span>75008 Paris, France<\/span><\/p>\n<p>[\/et_pb_blurb][\/et_pb_column][et_pb_column type=\u00a0\u00bb1_3&Prime; _builder_version=\u00a0\u00bb4.16&Prime; custom_padding=\u00a0\u00bb|||\u00a0\u00bb global_colors_info=\u00a0\u00bb{}\u00a0\u00bb custom_padding__hover=\u00a0\u00bb|||\u00a0\u00bb][et_pb_blurb title=\u00a0\u00bbT\u00e9l\u00e9phone\u00a0\u00bb use_icon=\u00a0\u00bbon\u00a0\u00bb font_icon=\u00a0\u00bb&#xe090;||divi||400&Prime; icon_color=\u00a0\u00bb#8B8B96&Prime; image_icon_width=\u00a0\u00bb30px\u00a0\u00bb admin_label=\u00a0\u00bb1&Prime; _builder_version=\u00a0\u00bb4.16&Prime; header_font=\u00a0\u00bb|600|||||||\u00a0\u00bb header_text_color=\u00a0\u00bb#8B8B96&Prime; header_font_size=\u00a0\u00bb20px\u00a0\u00bb body_font=\u00a0\u00bb|300|||||||\u00a0\u00bb body_text_color=\u00a0\u00bb#000000&Prime; body_font_size=\u00a0\u00bb15px\u00a0\u00bb body_line_height=\u00a0\u00bb1.8em\u00a0\u00bb background_color=\u00a0\u00bb#ffffff\u00a0\u00bb text_orientation=\u00a0\u00bbcenter\u00a0\u00bb custom_padding=\u00a0\u00bb60px|30px|60px|30px\u00a0\u00bb animation=\u00a0\u00bboff\u00a0\u00bb icon_font_size=\u00a0\u00bb30px\u00a0\u00bb global_colors_info=\u00a0\u00bb{}\u00a0\u00bb]<\/p>\n<p class=\"contact-label\">T\u00e9l. : <span>+33 1 89 16 07 48<\/span><\/p>\n<p class=\"contact-label\">Mobile : +33 <span>6 16 27 27 53<\/span><\/p>\n<p>[\/et_pb_blurb][\/et_pb_column][et_pb_column type=\u00a0\u00bb1_3&Prime; _builder_version=\u00a0\u00bb4.16&Prime; custom_padding=\u00a0\u00bb|||\u00a0\u00bb global_colors_info=\u00a0\u00bb{}\u00a0\u00bb custom_padding__hover=\u00a0\u00bb|||\u00a0\u00bb][et_pb_blurb title=\u00a0\u00bbE-mail\u00a0\u00bb use_icon=\u00a0\u00bbon\u00a0\u00bb font_icon=\u00a0\u00bb&#xe076;||divi||400&Prime; icon_color=\u00a0\u00bb#8B8B96&Prime; image_icon_width=\u00a0\u00bb30px\u00a0\u00bb admin_label=\u00a0\u00bb1&Prime; _builder_version=\u00a0\u00bb4.16&Prime; header_font=\u00a0\u00bb|600|||||||\u00a0\u00bb header_text_color=\u00a0\u00bb#8B8B96&Prime; header_font_size=\u00a0\u00bb20px\u00a0\u00bb body_font=\u00a0\u00bb|300|||||||\u00a0\u00bb body_text_color=\u00a0\u00bb#282151&Prime; body_font_size=\u00a0\u00bb15px\u00a0\u00bb body_line_height=\u00a0\u00bb1.8em\u00a0\u00bb background_color=\u00a0\u00bb#ffffff\u00a0\u00bb text_orientation=\u00a0\u00bbcenter\u00a0\u00bb custom_padding=\u00a0\u00bb60px|10px|60px|30px||\u00a0\u00bb animation=\u00a0\u00bboff\u00a0\u00bb icon_font_size=\u00a0\u00bb30px\u00a0\u00bb global_colors_info=\u00a0\u00bb{}\u00a0\u00bb]<\/p>\n<p class=\"contact-label\"><span style=\"color: #000000;\">asussmann@rousseau-sussmann.com<\/span><span style=\"color: #000000;\"><\/span><\/p>\n<p>[\/et_pb_blurb][\/et_pb_column][\/et_pb_row][\/et_pb_section]<\/p>\n","protected":false},"excerpt":{"rendered":"<p>A R T H U R\u00a0 \u00a0 S U S S M A N NArthur Sussmann est un avocat p\u00e9naliste sp\u00e9cialis\u00e9 dans la d\u00e9fense des personnes et des entreprises poursuivies devant les juridictions p\u00e9nales ou r\u00e9pressives (disciplinaires ou administratives). Il dispose d\u2019une expertise dans les domaines du droit p\u00e9nal financier ou comptable, du droit p\u00e9nal [&hellip;]<\/p>\n","protected":false},"author":1,"featured_media":0,"parent":0,"menu_order":0,"comment_status":"closed","ping_status":"closed","template":"","meta":{"_et_pb_use_builder":"on","_et_pb_old_content":"","_et_gb_content_width":"","footnotes":""},"class_list":["post-423","page","type-page","status-publish","hentry"],"yoast_head":"<!-- This site is optimized with the Yoast SEO plugin v27.4 - https:\/\/yoast.com\/product\/yoast-seo-wordpress\/ -->\n<title>Arthur Sussmann - Rousseau Sussmann Avocats<\/title>\n<meta name=\"robots\" content=\"index, follow, max-snippet:-1, max-image-preview:large, max-video-preview:-1\" \/>\n<link rel=\"canonical\" href=\"https:\/\/rousseau-sussmann.com\/en\/arthur-sussmann\" \/>\n<meta property=\"og:locale\" content=\"en_GB\" \/>\n<meta property=\"og:type\" content=\"article\" \/>\n<meta property=\"og:title\" content=\"Arthur Sussmann - Rousseau Sussmann Avocats\" \/>\n<meta property=\"og:description\" content=\"A R T H U R\u00a0 \u00a0 S U S S M A N NArthur Sussmann est un avocat p\u00e9naliste sp\u00e9cialis\u00e9 dans la d\u00e9fense des personnes et des entreprises poursuivies devant les juridictions p\u00e9nales ou r\u00e9pressives (disciplinaires ou administratives). Il dispose d\u2019une expertise dans les domaines du droit p\u00e9nal financier ou comptable, du droit p\u00e9nal [&hellip;]\" \/>\n<meta property=\"og:url\" content=\"https:\/\/rousseau-sussmann.com\/en\/arthur-sussmann\" \/>\n<meta property=\"og:site_name\" content=\"Rousseau Sussmann Avocats\" \/>\n<meta property=\"article:modified_time\" content=\"2023-04-04T13:23:41+00:00\" \/>\n<meta name=\"twitter:card\" content=\"summary_large_image\" \/>\n<script type=\"application\/ld+json\" class=\"yoast-schema-graph\">{\"@context\":\"https:\\\/\\\/schema.org\",\"@graph\":[{\"@type\":\"WebPage\",\"@id\":\"https:\\\/\\\/rousseau-sussmann.com\\\/en\\\/arthur-sussmann\",\"url\":\"https:\\\/\\\/rousseau-sussmann.com\\\/en\\\/arthur-sussmann\",\"name\":\"Arthur Sussmann - Rousseau Sussmann Avocats\",\"isPartOf\":{\"@id\":\"https:\\\/\\\/rousseau-sussmann.com\\\/#website\"},\"datePublished\":\"2021-12-15T08:26:32+00:00\",\"dateModified\":\"2023-04-04T13:23:41+00:00\",\"breadcrumb\":{\"@id\":\"https:\\\/\\\/rousseau-sussmann.com\\\/en\\\/arthur-sussmann#breadcrumb\"},\"inLanguage\":\"en-GB\",\"potentialAction\":[{\"@type\":\"ReadAction\",\"target\":[\"https:\\\/\\\/rousseau-sussmann.com\\\/en\\\/arthur-sussmann\"]}]},{\"@type\":\"BreadcrumbList\",\"@id\":\"https:\\\/\\\/rousseau-sussmann.com\\\/en\\\/arthur-sussmann#breadcrumb\",\"itemListElement\":[{\"@type\":\"ListItem\",\"position\":1,\"name\":\"Accueil\",\"item\":\"https:\\\/\\\/rousseau-sussmann.com\\\/\"},{\"@type\":\"ListItem\",\"position\":2,\"name\":\"Arthur Sussmann\"}]},{\"@type\":\"WebSite\",\"@id\":\"https:\\\/\\\/rousseau-sussmann.com\\\/#website\",\"url\":\"https:\\\/\\\/rousseau-sussmann.com\\\/\",\"name\":\"Rousseau Sussmann Avocats\",\"description\":\"\",\"potentialAction\":[{\"@type\":\"SearchAction\",\"target\":{\"@type\":\"EntryPoint\",\"urlTemplate\":\"https:\\\/\\\/rousseau-sussmann.com\\\/?s={search_term_string}\"},\"query-input\":{\"@type\":\"PropertyValueSpecification\",\"valueRequired\":true,\"valueName\":\"search_term_string\"}}],\"inLanguage\":\"en-GB\"}]}<\/script>\n<!-- \/ Yoast SEO plugin. -->","yoast_head_json":{"title":"Arthur Sussmann - Rousseau Sussmann Avocats","robots":{"index":"index","follow":"follow","max-snippet":"max-snippet:-1","max-image-preview":"max-image-preview:large","max-video-preview":"max-video-preview:-1"},"canonical":"https:\/\/rousseau-sussmann.com\/en\/arthur-sussmann","og_locale":"en_GB","og_type":"article","og_title":"Arthur Sussmann - Rousseau Sussmann Avocats","og_description":"A R T H U R\u00a0 \u00a0 S U S S M A N NArthur Sussmann est un avocat p\u00e9naliste sp\u00e9cialis\u00e9 dans la d\u00e9fense des personnes et des entreprises poursuivies devant les juridictions p\u00e9nales ou r\u00e9pressives (disciplinaires ou administratives). Il dispose d\u2019une expertise dans les domaines du droit p\u00e9nal financier ou comptable, du droit p\u00e9nal [&hellip;]","og_url":"https:\/\/rousseau-sussmann.com\/en\/arthur-sussmann","og_site_name":"Rousseau Sussmann Avocats","article_modified_time":"2023-04-04T13:23:41+00:00","twitter_card":"summary_large_image","schema":{"@context":"https:\/\/schema.org","@graph":[{"@type":"WebPage","@id":"https:\/\/rousseau-sussmann.com\/en\/arthur-sussmann","url":"https:\/\/rousseau-sussmann.com\/en\/arthur-sussmann","name":"Arthur Sussmann - Rousseau Sussmann Avocats","isPartOf":{"@id":"https:\/\/rousseau-sussmann.com\/#website"},"datePublished":"2021-12-15T08:26:32+00:00","dateModified":"2023-04-04T13:23:41+00:00","breadcrumb":{"@id":"https:\/\/rousseau-sussmann.com\/en\/arthur-sussmann#breadcrumb"},"inLanguage":"en-GB","potentialAction":[{"@type":"ReadAction","target":["https:\/\/rousseau-sussmann.com\/en\/arthur-sussmann"]}]},{"@type":"BreadcrumbList","@id":"https:\/\/rousseau-sussmann.com\/en\/arthur-sussmann#breadcrumb","itemListElement":[{"@type":"ListItem","position":1,"name":"Accueil","item":"https:\/\/rousseau-sussmann.com\/"},{"@type":"ListItem","position":2,"name":"Arthur Sussmann"}]},{"@type":"WebSite","@id":"https:\/\/rousseau-sussmann.com\/#website","url":"https:\/\/rousseau-sussmann.com\/","name":"Rousseau Sussmann Avocats","description":"","potentialAction":[{"@type":"SearchAction","target":{"@type":"EntryPoint","urlTemplate":"https:\/\/rousseau-sussmann.com\/?s={search_term_string}"},"query-input":{"@type":"PropertyValueSpecification","valueRequired":true,"valueName":"search_term_string"}}],"inLanguage":"en-GB"}]}},"_links":{"self":[{"href":"https:\/\/rousseau-sussmann.com\/en\/wp-json\/wp\/v2\/pages\/423","targetHints":{"allow":["GET"]}}],"collection":[{"href":"https:\/\/rousseau-sussmann.com\/en\/wp-json\/wp\/v2\/pages"}],"about":[{"href":"https:\/\/rousseau-sussmann.com\/en\/wp-json\/wp\/v2\/types\/page"}],"author":[{"embeddable":true,"href":"https:\/\/rousseau-sussmann.com\/en\/wp-json\/wp\/v2\/users\/1"}],"replies":[{"embeddable":true,"href":"https:\/\/rousseau-sussmann.com\/en\/wp-json\/wp\/v2\/comments?post=423"}],"version-history":[{"count":18,"href":"https:\/\/rousseau-sussmann.com\/en\/wp-json\/wp\/v2\/pages\/423\/revisions"}],"predecessor-version":[{"id":729,"href":"https:\/\/rousseau-sussmann.com\/en\/wp-json\/wp\/v2\/pages\/423\/revisions\/729"}],"wp:attachment":[{"href":"https:\/\/rousseau-sussmann.com\/en\/wp-json\/wp\/v2\/media?parent=423"}],"curies":[{"name":"wp","href":"https:\/\/api.w.org\/{rel}","templated":true}]}}